{"id":3,"date":"2023-04-28T19:02:44","date_gmt":"2023-04-28T19:02:44","guid":{"rendered":"https:\/\/numerique.vamtam.com\/?page_id=3"},"modified":"2024-12-17T08:47:34","modified_gmt":"2024-12-17T08:47:34","slug":"privacy-policy","status":"publish","type":"page","link":"https:\/\/www.qdivision.ie\/it\/privacy-policy\/","title":{"rendered":"Privacy Policy"},"content":{"rendered":"<div data-elementor-type=\"wp-page\" data-elementor-id=\"3\" class=\"elementor elementor-3\" data-elementor-post-type=\"page\">\n\t\t\t\t\t\t<section class=\"elementor-section elementor-top-section elementor-element elementor-element-5370d28 elementor-section-boxed elementor-section-height-default elementor-section-height-default\" data-id=\"5370d28\" data-element_type=\"section\">\n\t\t\t\t\t\t<div class=\"elementor-container elementor-column-gap-no\">\n\t\t\t\t\t<div class=\"elementor-column elementor-col-100 elementor-top-column elementor-element elementor-element-3688fcd\" data-id=\"3688fcd\" data-element_type=\"column\">\n\t\t\t<div class=\"elementor-widget-wrap elementor-element-populated\">\n\t\t\t\t\t\t<div class=\"elementor-element elementor-element-7ce75be elementor-widget__width-initial elementor-widget elementor-widget-text-editor\" data-id=\"7ce75be\" data-element_type=\"widget\" data-widget_type=\"text-editor.default\">\n\t\t\t\t<div class=\"elementor-widget-container\">\n\t\t\t\t\t\t\t\t\t<p class=\"p1\">La presente informativa \u00e8 resa ai sensi e per gli effetti di quanto previsto dall\u2019art. 13 del Regolamento generale sulla protezione dei dati personali (Reg. UE 2016\/679 \u2013 GDPR).<\/p><p class=\"p1\">In essa sono contenute tutte le informazioni circa le modalit\u00e0, le finalit\u00e0 e i tempi di trattamento dei dati personali degli Utenti, nonch\u00e9 i loro diritti e come possono essere esercitati. La presente informativa non si applica ad altri siti web eventualmente consultabili tramite i link forniti e per i quali si invita a leggere la rispettiva informativa privacy.<\/p><ol class=\"ol1\"><li class=\"li1\"><b>COSA SONO I DATI PERSONALI?<\/b><\/li><\/ol><p class=\"p1\">Con il termine \u201cdati personali\u201d si intendono tutte le informazioni relative a una persona fisica (le sue caratteristiche, le sue abitudini, il suo stile di vita, le sue relazioni personali, il suo stato di salute, la sua situazione economica, ecc.) che possono essere utilizzate per identificarla, singolarmente o in combinazione tra loro (art. 4(1)(1) GDPR). I dati personali che identificano direttamente una persona fisica sono, ad esempio, i dati anagrafici (nome e cognome) e le immagini. I dati personali che identificano indirettamente una persona fisica sono, ad esempio, il numero di telefono, il codice fiscale, l\u2019indirizzo IP, l\u2019indirizzo di posta elettronica, il numero di patente, i dati della carta di credito, ecc. Oltre ai dati personali cosiddetti \u201ccomuni\u201d (quelli sopra indicati e che sono riferibili anche a soggetti \u2013 pubblici e privati \u200b\u200b\u2013 associazioni e societ\u00e0), vi sono i dati personali cosiddetti \u201cparticolari\u201d, ex sensibili, ovvero quelli relativi alla salute, alla vita o all\u2019orientamento sessuale della persona, i dati genetici, i dati biometrici, quelli che rivelino l\u2019origine razziale o etnica, le convinzioni religiose e filosofiche, le opinioni politiche, l\u2019appartenenza sindacale (art. 9 GDPR). I dati personali cosiddetti \u201cgiudiziari\u201d sono invece quelli che rivelano condanne penali, misure di sicurezza o la qualit\u00e0 di imputato o di indagato (art. 10 GDPR).<\/p><ol class=\"ol1\"><li class=\"li1\"><b>QUALI DATI PERSONALI VENGONO TRATTATI?<\/b><\/li><\/ol><p class=\"p1\">Dati personali forniti volontariamente dagli Utenti compilando il form per richiedere consulenze nelle aree ivi indicate (nome, cognome, professione, e-mail e telefono). Dati di navigazione e dati anonimi, raccolti automaticamente, esclusivamente al fine di ricavare informazioni statistiche anonime sull'uso del Sito (tra cui, a titolo esemplificativo, indirizzi IP, orari di navigazione, dati geografici e altri parametri relativi al sistema operativo e all'ambiente informatico dell'Utente), nonch\u00e9 per ragioni di sicurezza e di accertamento di responsabilit\u00e0 in caso di reati informatici ai danni del sito o di terzi. Cookie. Questo Sito raccoglie dati personali tramite cookie. Per maggiori informazioni,\u00a0<a href=\"https:\/\/www.qdivision.ie\/it\/cookie-policy\/\"><span class=\"s1\"><b>si prega di leggere la nostra Cookie Policy<\/b><\/span><\/a><b>.<\/b><\/p><ol class=\"ol1\"><li class=\"li1\"><b>CHI TRATTA I DATI PERSONALI?<\/b><\/li><\/ol><p class=\"p1\">I dati personali degli Utenti sono trattati da Q DIVISION LTD, con sede legale in Suite 4.01, Ormond Building 31-36 Ormond Quay Upper Arran Quay Dublin 7 \u2013 D07 F6DC, in qualit\u00e0 di Titolare del trattamento, contattabile al seguente indirizzo e-mail:\u00a0<a href=\"mailto:privacy@qdivision.ie\"><span class=\"s1\">privacy@qdivision.ie<\/span><\/a>. Il trattamento \u00e8 effettuato dal Titolare e dai Responsabili del trattamento, individuati per iscritto e con specifiche istruzioni. L'Utente potr\u00e0 richiedere l'elenco dei Responsabili del trattamento inviando specifica richiesta al seguente indirizzo e-mail:\u00a0<a href=\"mailto:privacy@qdivision.ie\"><span class=\"s1\">privacy@qdivision.ie<\/span><\/a>, includendo la parola \u201cPrivacy\u201d nell\u2019oggetto.<\/p><ol class=\"ol1\"><li class=\"li1\"><b>PER QUALI FINALIT\u00c0 VENGONO RACCOLTI I DATI PERSONALI?<\/b><\/li><\/ol><p class=\"p1\">I dati forniti volontariamente dall'Utente compilando il form di richiesta consulenza ad hoc (nome, cognome, e-mail, telefono) sono trattati esclusivamente al fine di rispondere alle Sue richieste di informazioni. La base giuridica del trattamento \u00e8 il consenso, che si manifesta nella richiesta di informazioni. Il conferimento di tali dati \u00e8 necessario affinch\u00e9 l'Utente possa ricevere il servizio richiesto. Il mancato conferimento di tali dati comporter\u00e0 pertanto l'impossibilit\u00e0 di erogare lo stesso. Altri dati potranno essere raccolti solo in un secondo momento nel caso in cui l'Utente decida di richiedere una consulenza. In tal caso, l'Utente ricever\u00e0 una proposta di assistenza e consulenza professionale con relativo preventivo, corredata dall'emissione di una nuova informativa. Tutti i dati personali forniti saranno trattati, anche elettronicamente, nella misura strettamente necessaria alla gestione dell'invio di un preventivo e delle relative richieste di informazioni.<\/p><p class=\"p1 translation-block\">Il sito web utilizza, inoltre, <strong>strumenti di terze parti<\/strong> per garantire il corretto funzionamento e migliorare l'esperienza dell'utente. Nello specifico:<\/p><p class=\"p1\">1. <b>Font Awesome<\/b>: Utilizziamo il servizio Font Awesome per visualizzare icone vettoriali e font. Il servizio potrebbe raccogliere dati di utilizzo per garantire la corretta consegna del contenuto richiesto.<\/p><p class=\"p1\">2. <b>Google Fonts<\/b>: Integriamo i font forniti da Google Fonts per migliorare l'aspetto grafico del sito web. Durante il caricamento dei font, Google potrebbe acquisire dati relativi agli indirizzi IP degli utenti.<\/p><p class=\"p1\">3. <b>Google Analytics<\/b>: Utilizziamo Google Analytics per raccogliere dati anonimi e aggregati su come viene utilizzato il sito web, come il numero di visitatori e le pagine visualizzate. Queste informazioni ci aiutano a migliorare i contenuti e i servizi offerti. L'elaborazione viene effettuata in forma anonima, ove possibile, e nel rispetto delle normative applicabili.<\/p><p class=\"p1\">4. <b>WordPress Stats<\/b>: il sito web utilizza WordPress Stats per analizzare le statistiche di utilizzo in forma aggregata e migliorare le prestazioni del sito.<\/p><p class=\"p1\">Per ciascuno dei servizi sopra menzionati, i dati personali che possono essere raccolti includono indirizzi IP e altri identificatori, trattati secondo le policy specifiche di ciascun fornitore. Invitiamo gli utenti a esaminare le policy sulla privacy dei rispettivi servizi:<\/p><p class=\"p2\"><span class=\"s2\">\u2022 Font Awesome: [<a href=\"https:\/\/origin.fontawesome.com\/privacy\"><span class=\"s3\">https:\/\/origin.fontawesome.com\/privacy<\/span><\/a>]<\/span><\/p><p class=\"p2\"><span class=\"s2\">\u2022 Google Fonts: [<a href=\"https:\/\/developers.google.com\/fonts\/faq\/privacy?hl=it\"><span class=\"s3\">https:\/\/developers.google.com\/fonts\/faq\/privacy?hl=it<\/span><\/a>]<\/span><\/p><p class=\"p2\"><span class=\"s2\">\u2022 Google Analytics: [<a href=\"https:\/\/policies.google.com\/technologies\/partner-sites\"><span class=\"s3\">https:\/\/policies.google.com\/technologies\/partner-sites<\/span><\/a>]<\/span><\/p><p class=\"p2\"><span class=\"s2\">\u2022 WordPress Stats: [<a href=\"https:\/\/wp-statistics.com\/resources\/what-we-collect\/%23:~:text=For%2520more%2520information,%2520please%2520visit,and%2520respects%2520website%2520visitors'%2520privacy\"><span class=\"s3\">https:\/\/wp-statistics.com\/resources\/what-we-collect\/#:~:text=For%20more%20information%2C%20please%20visit,and%20respects%20website%20visitors&#8217;%20privacy<\/span><\/a>.]<\/span><\/p><p class=\"p1\">I dati saranno trattati esclusivamente per le finalit\u00e0 descritte, nel rispetto dei principi di trasparenza, minimizzazione e proporzionalit\u00e0 previsti dal GDPR.<\/p><ol class=\"ol1\"><li class=\"li1\"><b>DOVE VENGONO ELABORATI E CONSERVATI I DATI PERSONALI?<\/b><\/li><\/ol><p class=\"p1\">I dati personali sono trattati presso la sede della Divisione Q. Il trattamento dei dati personali potr\u00e0 avvenire mediante strumenti manuali\/informatici\/telematici\/cartacei, con modalit\u00e0 strettamente necessarie per adempiere alle finalit\u00e0 indicate al punto 4 della presente informativa e tali da garantire la sicurezza e la riservatezza dei dati stessi, nonch\u00e9 il rispetto degli specifici obblighi previsti dalla legge.<\/p><ol class=\"ol1\"><li class=\"li1\"><b>PER QUANTO TEMPO VERRANNO CONSERVATI I DATI PERSONALI?<\/b><\/li><\/ol><p class=\"p1\">I dati personali degli Utenti saranno conservati per un periodo di tempo massimo pari ad un mese dal momento della richiesta di preventivo, salvo che l'Utente non decida, nel corso del mese in questione, di richiedere una consulenza, nel qual caso saranno trattati per fornire il servizio richiesto e verr\u00e0 fornita una nuova informativa privacy.<\/p><ol class=\"ol1\"><li class=\"li1\"><b>MINORI<\/b><\/li><\/ol><p class=\"p1\">Nessuna persona di et\u00e0 inferiore ai 14 anni pu\u00f2 inviare dati personali tramite questo sito senza il previo consenso dei genitori o del tutore.<\/p><ol class=\"ol1\"><li class=\"li1\"><b>QUALI SONO I DIRITTI DELL'UTENTE?<\/b><\/li><\/ol><p class=\"p1\">L\u2019Utente ha la facolt\u00e0 di esercitare i seguenti diritti previsti e disciplinati dagli artt. 15 e ss. del GDPR.<\/p><ul class=\"ul1\"><li class=\"li1\">Diritto di accesso: l\u2019Utente ha il diritto di sapere quali sono i suoi dati personali trattati dai titolari del trattamento, per quali finalit\u00e0, a chi vengono comunicati e ha il diritto di ottenerne copia.<\/li><li class=\"li1\">Diritto di revoca del consenso: se l\u2019Utente ha prestato il consenso, potr\u00e0 revocarlo in ogni momento, facilmente, contattando i contitolari al seguente indirizzo email:\u00a0<a href=\"mailto:privacy@qdivision.ie\"><span class=\"s1\">privacy@qdivision.ie<\/span><\/a>. La revoca del consenso non pregiudica la liceit\u00e0 del trattamento effettuato fino a quel momento.<\/li><li class=\"li1\">Diritto di rettifica: qualora ti accorgi di aver comunicato ai Contitolari dati personali errati o incompleti, hai il diritto di chiedere la correzione dell'errore o l'integrazione delle informazioni in possesso dei Contitolari.<\/li><li class=\"li1\">Diritto alla cancellazione \u2013 \u201cdiritto all\u2019oblio\u201d: l\u2019Utente pu\u00f2 chiedere la cancellazione, l\u2019anonimizzazione o il blocco dei dati personali trattati in violazione di legge, compresi quelli la cui conservazione non \u00e8 necessaria ai fini del trattamento. Tuttavia, i Contitolari non potranno ottemperare alla richiesta dell\u2019Utente e dovranno conservare i dati se richiesto dalla legge e\/o da rilevanti motivi di interesse pubblico oppure se i Contitolari dimostrano di aver subito un illecito e devono difendersi dinnanzi all\u2019Autorit\u00e0 Giudiziaria.<\/li><li class=\"li1\">Diritto di limitazione del trattamento: Hai il diritto di richiedere che il trattamento dei tuoi dati personali sia limitato solo a determinate finalit\u00e0. In tal caso, i co-responsabili conserveranno i dati personali raccolti fino a quel momento e richiederanno il consenso ogni volta che effettueranno il trattamento per ciascuna ulteriore finalit\u00e0 perseguita. In ogni caso, i titolari del trattamento potranno trattare i dati personali dell'Utente per l'esercizio o la difesa di un diritto in sede giudiziaria o per tutelare i diritti di un'altra persona o per importanti motivi di interesse pubblico.<\/li><li class=\"li1\">Diritto alla portabilit\u00e0 dei dati personali: l'Utente ha il diritto, in qualunque momento, di richiedere e ricevere i propri dati personali in un formato strutturato, di uso comune e leggibile sul proprio dispositivo per trasmetterli direttamente a un altro titolare del trattamento.<\/li><li class=\"li1\">Diritto di opposizione: l'Utente pu\u00f2 opporsi in qualsiasi momento al trattamento dei propri dati personali qualora questi siano trattati senza il suo consenso, a condizione che fornisca motivazioni dettagliate per farlo.<\/li><\/ul><ol class=\"ol1\"><li class=\"li1\"><b>COME POSSONO ESSERE ESERCITATI I DIRITTI DELL'UTENTE?<\/b><\/li><\/ol><p class=\"p1\">Gli utenti potranno esercitare i propri diritti inoltrando richiesta al seguente indirizzo e-mail:\u00a0<a href=\"mailto:privacy@spektor.ie\"><span class=\"s1\">privacy@qdivision.ie<\/span><\/a>\u00a0indicando nell\u2019oggetto \u201cEsercizio dei diritti privacy\u201d. La richiesta \u00e8 formulata liberamente e senza costrizioni dall\u2019Utente, che ha diritto di ricevere, senza ritardo, idoneo riscontro, e pu\u00f2 rinnovarla per giustificati motivi. In ogni caso, l\u2019Utente qualora ritenga che il trattamento dei propri dati personali avvenga in violazione di quanto previsto dal GDPR, ha il diritto di proporre reclamo al Garante (art. 77 GDPR) o di adire le vie legali (art. 79 GDPR). Questo il link dove trovare il modulo di reclamo e le informazioni su come compilarlo e inoltrarlo:\u00a0<a href=\"https:\/\/www.garanteprivacy.it\/web\/guest\/home\/docweb\/-\/docweb-display\/docweb\/4535524.\"><span class=\"s1\">https:\/\/www.garanteprivacy.it\/web\/guest\/home\/docweb\/-\/docweb-display\/docweb\/4535524.<\/span><\/a>\u00a0Per l'esercizio dei Suoi diritti, Lei potr\u00e0 avvalersi di persone fisiche, enti, associazioni od organismi, conferendo a tal fine delega scritta e facendosi assistere da una persona di fiducia.<\/p><ol class=\"ol1\"><li class=\"li1\"><b>COME VENGONO PROTETTI I DATI PERSONALI?<\/b><\/li><\/ol><p class=\"p1\">I dati personali degli utenti sono raccolti nel rispetto del principio di minimizzazione dei dati trattati (vengono acquisiti solo i dati strettamente necessari all'erogazione dei servizi e\/o alla gestione delle informazioni richieste). Le operazioni di trattamento sono effettuate in modo da garantire la sicurezza dei dati e dei sistemi. Specifiche misure di sicurezza sono adottate per ridurre al minimo i rischi di distruzione o perdita, anche accidentale, dei dati, di accesso non autorizzato, di trattamento non consentito o non conforme alle finalit\u00e0 indicate nella presente informativa. In particolare, la pagina utilizza il protocollo HTTPS per l'autenticazione del server e la cifratura del canale di comunicazione. Le misure di sicurezza adottate non consentono tuttavia di escludere in modo assoluto rischi di intercettazione o compromissione dei dati personali trasmessi per via telematica. Si raccomanda pertanto di verificare che il proprio dispositivo sia dotato di sistemi software idonei a proteggere la trasmissione telematica dei dati, sia in entrata che in uscita (quali, ad esempio, sistemi antivirus, firewall e filtri antispam aggiornati).<\/p><ol class=\"ol1\"><li class=\"li1\"><b>MODIFICHE ALL'INFORMATIVA<\/b><\/li><\/ol><p class=\"p1\">Qualora il Titolare del trattamento decida di apportare modifiche significative alla presente informativa sulla privacy, tali modifiche saranno pubblicate sul presente Sito per consentire agli Utenti di essere sempre aggiornati sulle modalit\u00e0 di trattamento dei propri dati personali.<\/p>\t\t\t\t\t\t\t\t<\/div>\n\t\t\t\t<\/div>\n\t\t\t\t\t<\/div>\n\t\t<\/div>\n\t\t\t\t\t<\/div>\n\t\t<\/section>\n\t\t\t\t<\/div>","protected":false},"excerpt":{"rendered":"<p>This information is provided in accordance with the provisions of Article 13 of the General Regulation on the Protection of Personal Data (EU Reg. 2016\/679 \u2013 GDPR). It contains all the information about the methods, purposes and times of processing of Users\u2019 personal data, as well as their rights and how they can be exercised&#8230;.<\/p>","protected":false},"author":2,"featured_media":0,"parent":0,"menu_order":0,"comment_status":"closed","ping_status":"closed","template":"","meta":{"_acf_changed":false,"footnotes":""},"class_list":["post-3","page","type-page","status-publish","hentry"],"acf":[],"yoast_head":"<!-- This site is optimized with the Yoast SEO plugin v24.1 - https:\/\/yoast.com\/wordpress\/plugins\/seo\/ -->\n<title>Privacy Policy - Qdivision<\/title>\n<meta name=\"robots\" content=\"index, follow, max-snippet:-1, max-image-preview:large, max-video-preview:-1\" \/>\n<link rel=\"canonical\" href=\"https:\/\/www.qdivision.ie\/it\/privacy-policy\/\" \/>\n<meta property=\"og:locale\" content=\"it_IT\" \/>\n<meta property=\"og:type\" content=\"article\" \/>\n<meta property=\"og:title\" content=\"Privacy Policy - Qdivision\" \/>\n<meta property=\"og:description\" content=\"This information is provided in accordance with the provisions of Article 13 of the General Regulation on the Protection of Personal Data (EU Reg. 2016\/679 \u2013 GDPR). It contains all the information about the methods, purposes and times of processing of Users\u2019 personal data, as well as their rights and how they can be exercised....\" \/>\n<meta property=\"og:url\" content=\"https:\/\/www.qdivision.ie\/it\/privacy-policy\/\" \/>\n<meta property=\"og:site_name\" content=\"Qdivision\" \/>\n<meta property=\"article:modified_time\" content=\"2024-12-17T08:47:34+00:00\" \/>\n<meta name=\"twitter:card\" content=\"summary_large_image\" \/>\n<meta name=\"twitter:label1\" content=\"Est. reading time\" \/>\n\t<meta name=\"twitter:data1\" content=\"8 minuti\" \/>\n<script type=\"application\/ld+json\" class=\"yoast-schema-graph\">{\"@context\":\"https:\/\/schema.org\",\"@graph\":[{\"@type\":\"WebPage\",\"@id\":\"https:\/\/www.qdivision.ie\/privacy-policy\/\",\"url\":\"https:\/\/www.qdivision.ie\/privacy-policy\/\",\"name\":\"Privacy Policy - Qdivision\",\"isPartOf\":{\"@id\":\"https:\/\/www.qdivision.ie\/#website\"},\"datePublished\":\"2023-04-28T19:02:44+00:00\",\"dateModified\":\"2024-12-17T08:47:34+00:00\",\"breadcrumb\":{\"@id\":\"https:\/\/www.qdivision.ie\/privacy-policy\/#breadcrumb\"},\"inLanguage\":\"it-IT\",\"potentialAction\":[{\"@type\":\"ReadAction\",\"target\":[\"https:\/\/www.qdivision.ie\/privacy-policy\/\"]}]},{\"@type\":\"BreadcrumbList\",\"@id\":\"https:\/\/www.qdivision.ie\/privacy-policy\/#breadcrumb\",\"itemListElement\":[{\"@type\":\"ListItem\",\"position\":1,\"name\":\"Home\",\"item\":\"https:\/\/www.qdivision.ie\/\"},{\"@type\":\"ListItem\",\"position\":2,\"name\":\"Privacy Policy\"}]},{\"@type\":\"WebSite\",\"@id\":\"https:\/\/www.qdivision.ie\/#website\",\"url\":\"https:\/\/www.qdivision.ie\/\",\"name\":\"Qdivision\",\"description\":\"Leading Shopify Agency and Shopify Partner in EMEA\",\"publisher\":{\"@id\":\"https:\/\/www.qdivision.ie\/#organization\"},\"potentialAction\":[{\"@type\":\"SearchAction\",\"target\":{\"@type\":\"EntryPoint\",\"urlTemplate\":\"https:\/\/www.qdivision.ie\/?s={search_term_string}\"},\"query-input\":{\"@type\":\"PropertyValueSpecification\",\"valueRequired\":true,\"valueName\":\"search_term_string\"}}],\"inLanguage\":\"it-IT\"},{\"@type\":\"Organization\",\"@id\":\"https:\/\/www.qdivision.ie\/#organization\",\"name\":\"Qdivision\",\"url\":\"https:\/\/www.qdivision.ie\/\",\"logo\":{\"@type\":\"ImageObject\",\"inLanguage\":\"it-IT\",\"@id\":\"https:\/\/www.qdivision.ie\/#\/schema\/logo\/image\/\",\"url\":\"https:\/\/www.qdivision.ie\/wp-content\/uploads\/2023\/05\/logo_high_resolution1-1-1.png\",\"contentUrl\":\"https:\/\/www.qdivision.ie\/wp-content\/uploads\/2023\/05\/logo_high_resolution1-1-1.png\",\"width\":606,\"height\":1000,\"caption\":\"Qdivision\"},\"image\":{\"@id\":\"https:\/\/www.qdivision.ie\/#\/schema\/logo\/image\/\"}}]}<\/script>\n<!-- \/ Yoast SEO plugin. -->","yoast_head_json":{"title":"Privacy Policy - Qdivision","robots":{"index":"index","follow":"follow","max-snippet":"max-snippet:-1","max-image-preview":"max-image-preview:large","max-video-preview":"max-video-preview:-1"},"canonical":"https:\/\/www.qdivision.ie\/it\/privacy-policy\/","og_locale":"it_IT","og_type":"article","og_title":"Privacy Policy - Qdivision","og_description":"This information is provided in accordance with the provisions of Article 13 of the General Regulation on the Protection of Personal Data (EU Reg. 2016\/679 \u2013 GDPR). It contains all the information about the methods, purposes and times of processing of Users\u2019 personal data, as well as their rights and how they can be exercised....","og_url":"https:\/\/www.qdivision.ie\/it\/privacy-policy\/","og_site_name":"Qdivision","article_modified_time":"2024-12-17T08:47:34+00:00","twitter_card":"summary_large_image","twitter_misc":{"Est. reading time":"8 minuti"},"schema":{"@context":"https:\/\/schema.org","@graph":[{"@type":"WebPage","@id":"https:\/\/www.qdivision.ie\/privacy-policy\/","url":"https:\/\/www.qdivision.ie\/privacy-policy\/","name":"Privacy Policy - Qdivision","isPartOf":{"@id":"https:\/\/www.qdivision.ie\/#website"},"datePublished":"2023-04-28T19:02:44+00:00","dateModified":"2024-12-17T08:47:34+00:00","breadcrumb":{"@id":"https:\/\/www.qdivision.ie\/privacy-policy\/#breadcrumb"},"inLanguage":"it-IT","potentialAction":[{"@type":"ReadAction","target":["https:\/\/www.qdivision.ie\/privacy-policy\/"]}]},{"@type":"BreadcrumbList","@id":"https:\/\/www.qdivision.ie\/privacy-policy\/#breadcrumb","itemListElement":[{"@type":"ListItem","position":1,"name":"Home","item":"https:\/\/www.qdivision.ie\/"},{"@type":"ListItem","position":2,"name":"Privacy Policy"}]},{"@type":"WebSite","@id":"https:\/\/www.qdivision.ie\/#website","url":"https:\/\/www.qdivision.ie\/","name":"Qdivision","description":"Leading Shopify Agency and Shopify Partner in EMEA","publisher":{"@id":"https:\/\/www.qdivision.ie\/#organization"},"potentialAction":[{"@type":"SearchAction","target":{"@type":"EntryPoint","urlTemplate":"https:\/\/www.qdivision.ie\/?s={search_term_string}"},"query-input":{"@type":"PropertyValueSpecification","valueRequired":true,"valueName":"search_term_string"}}],"inLanguage":"it-IT"},{"@type":"Organization","@id":"https:\/\/www.qdivision.ie\/#organization","name":"Qdivision","url":"https:\/\/www.qdivision.ie\/","logo":{"@type":"ImageObject","inLanguage":"it-IT","@id":"https:\/\/www.qdivision.ie\/#\/schema\/logo\/image\/","url":"https:\/\/www.qdivision.ie\/wp-content\/uploads\/2023\/05\/logo_high_resolution1-1-1.png","contentUrl":"https:\/\/www.qdivision.ie\/wp-content\/uploads\/2023\/05\/logo_high_resolution1-1-1.png","width":606,"height":1000,"caption":"Qdivision"},"image":{"@id":"https:\/\/www.qdivision.ie\/#\/schema\/logo\/image\/"}}]}},"_links":{"self":[{"href":"https:\/\/www.qdivision.ie\/it\/wp-json\/wp\/v2\/pages\/3","targetHints":{"allow":["GET"]}}],"collection":[{"href":"https:\/\/www.qdivision.ie\/it\/wp-json\/wp\/v2\/pages"}],"about":[{"href":"https:\/\/www.qdivision.ie\/it\/wp-json\/wp\/v2\/types\/page"}],"author":[{"embeddable":true,"href":"https:\/\/www.qdivision.ie\/it\/wp-json\/wp\/v2\/users\/2"}],"replies":[{"embeddable":true,"href":"https:\/\/www.qdivision.ie\/it\/wp-json\/wp\/v2\/comments?post=3"}],"version-history":[{"count":0,"href":"https:\/\/www.qdivision.ie\/it\/wp-json\/wp\/v2\/pages\/3\/revisions"}],"wp:attachment":[{"href":"https:\/\/www.qdivision.ie\/it\/wp-json\/wp\/v2\/media?parent=3"}],"curies":[{"name":"wp","href":"https:\/\/api.w.org\/{rel}","templated":true}]}}