{"id":3,"date":"2023-04-28T19:02:44","date_gmt":"2023-04-28T19:02:44","guid":{"rendered":"https:\/\/numerique.vamtam.com\/?page_id=3"},"modified":"2024-12-17T08:47:34","modified_gmt":"2024-12-17T08:47:34","slug":"privacy-policy","status":"publish","type":"page","link":"https:\/\/www.qdivision.ie\/es\/privacy-policy\/","title":{"rendered":"Pol\u00edtica de Privacidad."},"content":{"rendered":"<div data-elementor-type=\"wp-page\" data-elementor-id=\"3\" class=\"elementor elementor-3\" data-elementor-post-type=\"page\">\n\t\t\t\t\t\t<section class=\"elementor-section elementor-top-section elementor-element elementor-element-5370d28 elementor-section-boxed elementor-section-height-default elementor-section-height-default\" data-id=\"5370d28\" data-element_type=\"section\">\n\t\t\t\t\t\t<div class=\"elementor-container elementor-column-gap-no\">\n\t\t\t\t\t<div class=\"elementor-column elementor-col-100 elementor-top-column elementor-element elementor-element-3688fcd\" data-id=\"3688fcd\" data-element_type=\"column\">\n\t\t\t<div class=\"elementor-widget-wrap elementor-element-populated\">\n\t\t\t\t\t\t<div class=\"elementor-element elementor-element-7ce75be elementor-widget__width-initial elementor-widget elementor-widget-text-editor\" data-id=\"7ce75be\" data-element_type=\"widget\" data-widget_type=\"text-editor.default\">\n\t\t\t\t<div class=\"elementor-widget-container\">\n\t\t\t\t\t\t\t\t\t<p class=\"p1\">Esta informaci\u00f3n se proporciona en cumplimiento de lo dispuesto en el art\u00edculo 13 del Reglamento General de Protecci\u00f3n de Datos Personales (Reglamento UE 2016\/679 \u2013 GDPR).\u2028<\/p><p class=\"p1\">Contiene toda la informaci\u00f3n sobre los m\u00e9todos, finalidades y tiempos de tratamiento de los datos personales de los Usuarios, as\u00ed como sus derechos y c\u00f3mo pueden ejercerlos. Esta informaci\u00f3n no se aplica a otros sitios web que puedan ser consultados a trav\u00e9s de los enlaces proporcionados, para los cuales se invita a leer la correspondiente pol\u00edtica de privacidad.<\/p><ol class=\"ol1\"><li class=\"li1\"><b>\u00bfQU\u00c9 SON LOS DATOS PERSONALES?<\/b><\/li><\/ol><p class=\"p1\">El t\u00e9rmino \"datos personales\" se refiere a toda informaci\u00f3n relacionada con una persona f\u00edsica (sus caracter\u00edsticas, h\u00e1bitos, estilo de vida, relaciones personales, estado de salud, situaci\u00f3n econ\u00f3mica, etc.) que pueda ser utilizada para identificarla a ella o a \u00e9l, ya sea por s\u00ed sola o en combinaci\u00f3n (art. 4(1)(1) GDPR). Los datos personales que identifican a una persona f\u00edsica directamente son, por ejemplo, el nombre y los apellidos o las im\u00e1genes. Los datos personales que identifican a una persona f\u00edsica indirectamente incluyen, por ejemplo, n\u00famero de tel\u00e9fono, c\u00f3digo fiscal, direcci\u00f3n IP, direcci\u00f3n de correo electr\u00f3nico, n\u00famero de licencia, detalles de tarjetas de cr\u00e9dito, etc.\nAdem\u00e1s de los llamados datos personales \"comunes\" (los indicados anteriormente, que tambi\u00e9n pueden referirse a entidades \u2013p\u00fablicas y privadas\u2013, asociaciones y empresas), existen los llamados datos personales \"particulares\" o exdatos sensibles, es decir, aquellos relacionados con la salud, la vida u orientaci\u00f3n sexual, datos gen\u00e9ticos, datos biom\u00e9tricos, los que revelan origen racial o \u00e9tnico, creencias religiosas y filos\u00f3ficas, opiniones pol\u00edticas, afiliaci\u00f3n sindical (art. 9 GDPR). Los llamados datos personales \"judiciales\" son aquellos que revelan condenas penales, medidas de seguridad o la calidad de imputado o sospechoso (art. 10 GDPR).<\/p><ol class=\"ol1\"><li class=\"li1\"><b>\u00bfQU\u00c9 DATOS PERSONALES SE TRATAN?<\/b><\/li><\/ol><p class=\"p1\">Datos personales proporcionados por los Usuarios al completar voluntariamente el formulario para solicitar asesoramiento en las \u00e1reas indicadas (nombre, apellidos, profesi\u00f3n, correo electr\u00f3nico y tel\u00e9fono). Datos de navegaci\u00f3n y datos an\u00f3nimos, recopilados autom\u00e1ticamente, exclusivamente para obtener informaci\u00f3n estad\u00edstica an\u00f3nima sobre el uso del Sitio (incluidos, a modo de ejemplo, direcciones IP, tiempos de navegaci\u00f3n, datos geogr\u00e1ficos y otros par\u00e1metros relacionados con el sistema operativo y el entorno inform\u00e1tico del Usuario), as\u00ed como por razones de seguridad y para determinar responsabilidades en caso de delitos inform\u00e1ticos contra el sitio o terceros. Cookies. Este Sitio recopila datos personales a trav\u00e9s de cookies. Para obtener m\u00e1s informaci\u00f3n,\u00a0<a href=\"https:\/\/www.qdivision.ie\/es\/cookie-policy\/\"><span class=\"s1\"><b>consulte nuestra Pol\u00edtica de Cookies.<\/b><\/span><\/a><b>.<\/b><\/p><ol class=\"ol1\"><li class=\"li1\"><b>WHO PROCESSES PERSONAL DATA?<\/b><\/li><\/ol><p class=\"p1\">Los datos personales de los Usuarios son tratados por Q DIVISION LTD, con sede en Suite 4.01, Ormond Building, 31-36 Ormond Quay Upper, Arran Quay, Dubl\u00edn 7 \u2013 D07 F6DC, en su calidad de Responsable del Tratamiento, quien puede ser contactado en la siguiente direcci\u00f3n de correo electr\u00f3nico:\u00a0<a href=\"mailto:privacy@qdivision.ie\"><span class=\"s1\">privacy@qdivision.ie<\/span><\/a>El tratamiento lo lleva a cabo el Responsable del Tratamiento y los Encargados del Tratamiento, identificados por escrito y con instrucciones espec\u00edficas. El Usuario puede solicitar una lista de los Encargados del Tratamiento enviando una solicitud espec\u00edfica a la direcci\u00f3n de correo electr\u00f3nico:\u00a0<a href=\"mailto:privacy@qdivision.ie\"><span class=\"s1\">privacy@qdivision.ie<\/span><\/a>, indicando la palabra \"Privacidad\" en el asunto.<\/p><ol class=\"ol1\"><li class=\"li1\"><b>\u00bfCON QU\u00c9 FINALIDADES SE RECOGEN LOS DATOS PERSONALES?<\/b><\/li><\/ol><p class=\"p1\">Los datos proporcionados voluntariamente por el Usuario al completar el formulario de solicitud de consulta (nombre, apellidos, correo electr\u00f3nico, tel\u00e9fono) se tratan exclusivamente con el fin de responder a sus solicitudes de informaci\u00f3n. La base legal para el tratamiento es el consentimiento, manifestado en la solicitud de informaci\u00f3n. El suministro de dichos datos es necesario para que el Usuario pueda recibir el servicio solicitado. Por lo tanto, la no facilitaci\u00f3n de dichos datos imposibilitar\u00e1 la prestaci\u00f3n del mismo.\nOtros datos pueden ser recogidos posteriormente si el Usuario decide solicitar asesoramiento. En este caso, se le enviar\u00e1 una propuesta de asistencia y consultor\u00eda profesional con un presupuesto correspondiente, acompa\u00f1ada de un nuevo aviso de privacidad. Todos los datos personales facilitados se tratar\u00e1n, por medios electr\u00f3nicos o de otro tipo, en la medida estrictamente necesaria para la gesti\u00f3n del env\u00edo de un presupuesto y de las solicitudes de informaci\u00f3n relacionadas.<\/p><p class=\"p1 translation-block\">Adem\u00e1s, este sitio utiliza <strong>herramientas de terceros<\/strong> para garantizar su correcto funcionamiento y mejorar la experiencia del Usuario. Espec\u00edficamente:<\/p><p class=\"p1\">1. <b>Font Awesome<\/b>: Utilizamos este servicio para mostrar iconos vectoriales y fuentes. Puede recopilar datos de uso para garantizar la entrega adecuada del contenido solicitado.<\/p><p class=\"p1\">2. <b>Google Fonts<\/b>: Integramos fuentes proporcionadas por Google para mejorar la apariencia gr\u00e1fica del sitio. Al cargar las fuentes, Google puede adquirir datos relacionados con las direcciones IP de los usuarios.<\/p><p class=\"p1\">3. <b>Google Analytics<\/b>: Recopilamos datos an\u00f3nimos y agregados sobre el uso del sitio web, como el n\u00famero de visitantes y las p\u00e1ginas vistas. Este procesamiento se realiza de forma anonimizada, cuando es posible, y en cumplimiento de la normativa aplicable.<\/p><p class=\"p1\">4. <b>WordPress Stats<\/b>: Este sitio utiliza WordPress Stats para analizar estad\u00edsticas de uso en forma agregada y mejorar el rendimiento del sitio.<\/p><p class=\"p1\">Para cada uno de los servicios mencionados, los datos personales que pueden recogerse incluyen direcciones IP y otros identificadores, procesados de acuerdo con las pol\u00edticas espec\u00edficas de cada proveedor. Invitamos a los usuarios a revisar las pol\u00edticas de privacidad de los respectivos servicios:<\/p><p class=\"p2\"><span class=\"s2\">\u2022 Font Awesome: [<a href=\"https:\/\/origin.fontawesome.com\/privacy\"><span class=\"s3\">https:\/\/origin.fontawesome.com\/privacy<\/span><\/a>]<\/span><\/p><p class=\"p2\"><span class=\"s2\">\u2022 Google Fonts: [<a href=\"https:\/\/developers.google.com\/fonts\/faq\/privacy?hl=it\"><span class=\"s3\">https:\/\/developers.google.com\/fonts\/faq\/privacy?hl=it<\/span><\/a>]<\/span><\/p><p class=\"p2\"><span class=\"s2\">\u2022 Google Analytics: [<a href=\"https:\/\/policies.google.com\/technologies\/partner-sites\"><span class=\"s3\">https:\/\/policies.google.com\/technologies\/partner-sites<\/span><\/a>]<\/span><\/p><p class=\"p2\"><span class=\"s2\">\u2022 WordPress Stats: [<a href=\"https:\/\/wp-statistics.com\/resources\/what-we-collect\/%23:~:text=For%2520more%2520information,%2520please%2520visit,and%2520respects%2520website%2520visitors'%2520privacy\"><span class=\"s3\">https:\/\/wp-statistics.com\/resources\/what-we-collect\/#:~:text=For%20more%20information%2C%20please%20visit,and%20respects%20website%20visitors&#8217;%20privacy<\/span><\/a>.]<\/span><\/p><p class=\"p1\">Los datos ser\u00e1n tratados exclusivamente con las finalidades descritas, respetando los principios de transparencia, minimizaci\u00f3n y proporcionalidad establecidos en el GDPR.<\/p><ol class=\"ol1\"><li class=\"li1\"><b>\u00bfD\u00d3NDE SE TRATAN Y ALMACENAN LOS DATOS PERSONALES?<\/b><\/li><\/ol><p class=\"p1\">El tratamiento de los datos personales se realiza en la sede de la Divisi\u00f3n Q. El tratamiento de los datos personales podr\u00e1 efectuarse mediante instrumentos manuales\/inform\u00e1ticos\/telem\u00e1ticos\/papel, con los m\u00e9todos estrictamente necesarios para cumplir las finalidades indicadas en el punto 4 de la presente nota informativa y tales que garanticen la seguridad y confidencialidad de los datos, as\u00ed como el cumplimiento de las obligaciones espec\u00edficas previstas por la ley.<\/p><ol class=\"ol1\"><li class=\"li1\"><b>\u00bfCU\u00c1NTO TIEMPO SE CONSERVAR\u00c1N LOS DATOS PERSONALES?<\/b><\/li><\/ol><p class=\"p1\">Los datos personales de los Usuarios se conservar\u00e1n durante un m\u00e1ximo de un mes desde el momento en que se solicit\u00f3 un presupuesto, salvo que el Usuario decida, durante ese mes, solicitar asesoramiento. En tal caso, los datos se tratar\u00e1n para proporcionar el servicio solicitado, emiti\u00e9ndose un nuevo aviso de privacidad.<\/p><ol class=\"ol1\"><li class=\"li1\"><b>MENORES<\/b><\/li><\/ol><p class=\"p1\">Ninguna persona menor de 14 a\u00f1os puede enviar datos personales a trav\u00e9s de este sitio sin el consentimiento previo de sus padres o tutores.<\/p><ol class=\"ol1\"><li class=\"li1\"><b>\u00bfCU\u00c1LES SON LOS DERECHOS DEL USUARIO?<\/b><\/li><\/ol><p class=\"p1\">El Usuario tiene derecho a ejercer los siguientes derechos previstos y regulados en los art\u00edculos 15 y siguientes del RGPD.<\/p><ul class=\"ul1\"><li class=\"li1\">Derecho de acceso: el Usuario tiene derecho a conocer qu\u00e9 datos personales son tratados por los responsables del tratamiento, con qu\u00e9 fines, a qui\u00e9n se comunican y tiene derecho a obtener una copia de los mismos.<\/li><li class=\"li1\">Derecho a revocar el consentimiento: si el Usuario ha dado su consentimiento, podr\u00e1 revocarlo en cualquier momento, de forma sencilla, poni\u00e9ndose en contacto con los cotitulares en la siguiente direcci\u00f3n de correo electr\u00f3nico:\u00a0<a href=\"mailto:privacy@qdivision.ie\"><span class=\"s1\">privacy@qdivision.ie<\/span><\/a>. La revocaci\u00f3n del consentimiento no afectar\u00e1 a la legitimidad del tratamiento efectuado hasta ese momento.<\/li><li class=\"li1\">Derecho de rectificaci\u00f3n: si se da cuenta de que ha comunicado datos personales incorrectos o incompletos a los Corresponsables, tiene derecho a solicitar la correcci\u00f3n del error o la adici\u00f3n de la informaci\u00f3n de que dispongan los Corresponsables.<\/li><li class=\"li1\">Derecho de supresi\u00f3n - \u00abderecho al olvido\u00bb: el Usuario podr\u00e1 solicitar la supresi\u00f3n, la transformaci\u00f3n en forma an\u00f3nima o el bloqueo de los datos personales tratados infringiendo la ley, incluidos aquellos cuya conservaci\u00f3n sea innecesaria para los fines del tratamiento. No obstante, los Corresponsables no podr\u00e1n atender la solicitud del Usuario y deber\u00e1n conservar los datos si as\u00ed lo exige la ley y\/o razones relevantes de inter\u00e9s p\u00fablico o si los Corresponsables demuestran que han sufrido un acto il\u00edcito y deben defenderse ante las Autoridades Judiciales.<\/li><li class=\"li1\">Derecho a limitar el tratamiento: Tiene derecho a solicitar que el tratamiento de sus datos personales se limite \u00fanicamente a determinados fines. En este caso, los corresponsables del tratamiento conservar\u00e1n los datos personales recogidos hasta ese momento y solicitar\u00e1n el consentimiento cada vez que lleven a cabo un tratamiento para cada finalidad adicional perseguida. En cualquier caso, los responsables del tratamiento podr\u00e1n tratar los datos personales del Usuario para el ejercicio o la defensa de reclamaciones judiciales o para proteger los derechos de otra persona o por motivos importantes de inter\u00e9s p\u00fablico.<\/li><li class=\"li1\">Derecho a la portabilidad de los datos personales: el Usuario tiene derecho, en cualquier momento, a solicitar y recibir sus datos personales en un formato estructurado, de uso com\u00fan y legible en su dispositivo para transferirlos directamente a otro responsable del tratamiento.<\/li><li class=\"li1\">Derecho de oposici\u00f3n: el Usuario podr\u00e1 oponerse, en cualquier momento, al tratamiento de sus datos personales si \u00e9ste se realiza sin su consentimiento, siempre que motive detalladamente su oposici\u00f3n.<\/li><\/ul><ol class=\"ol1\"><li class=\"li1\"><b>\u00bfC\u00d3MO PUEDEN EJERCERSE LOS DERECHOS DEL USUARIO?<\/b><\/li><\/ol><p class=\"p1\">El Usuario podr\u00e1 ejercitar sus derechos mediante solicitud dirigida a la siguiente direcci\u00f3n de correo electr\u00f3nico:\u00a0<a href=\"mailto:privacy@spektor.ie\"><span class=\"s1\">privacy@qdivision.ie<\/span><\/a>\u00a0indicando en el asunto \u00abEjercicio del derecho a la intimidad\u00bb. La solicitud se realiza libremente y sin limitaciones por parte del Usuario, quien tiene derecho a recibir, sin dilaci\u00f3n, una respuesta adecuada, pudiendo renovarla por causas justificadas. En cualquier caso, si el Usuario considera que el tratamiento de sus datos personales infringe lo dispuesto en el GDPR, tiene derecho a presentar una reclamaci\u00f3n ante el Garante (art. 77 GDPR) o a emprender acciones legales (art. 79 GDPR). Este es el enlace donde puede encontrar el formulario de reclamaci\u00f3n e informaci\u00f3n sobre c\u00f3mo rellenarlo y enviarlo:\u00a0<a href=\"https:\/\/www.garanteprivacy.it\/web\/guest\/home\/docweb\/-\/docweb-display\/docweb\/4535524.\"><span class=\"s1\">https:\/\/www.garanteprivacy.it\/web\/guest\/home\/docweb\/-\/docweb-display\/docweb\/4535524.<\/span><\/a>\u00a0Para el ejercicio de sus derechos, podr\u00e1 valerse de los servicios de personas f\u00edsicas, entidades, asociaciones u organismos, confiriendo, a tal efecto, un poder por escrito y haciendo que le asista una persona de confianza.<\/p><ol class=\"ol1\"><li class=\"li1\"><b>\u00bfC\u00d3MO SE PROTEGEN LOS DATOS PERSONALES?<\/b><\/li><\/ol><p class=\"p1\">Los datos personales de los usuarios se recogen respetando el principio de minimizaci\u00f3n de los datos tratados (s\u00f3lo se adquieren los datos estrictamente necesarios para prestar los servicios y\/o gestionar la informaci\u00f3n solicitada). Las operaciones de tratamiento se llevan a cabo de forma que se garantice la seguridad de los datos y de los sistemas. Se adoptan medidas de seguridad espec\u00edficas para reducir al m\u00ednimo los riesgos de destrucci\u00f3n o p\u00e9rdida, incluso accidental, de los datos, acceso no autorizado, tratamiento no autorizado o tratamiento no conforme con las finalidades indicadas en la presente nota informativa. En particular, la p\u00e1gina utiliza el protocolo HTTPS para la autenticaci\u00f3n del servidor y la encriptaci\u00f3n del canal de comunicaci\u00f3n. No obstante, las medidas de seguridad adoptadas no permiten excluir de forma absoluta los riesgos de interceptaci\u00f3n o compromiso de los datos personales transmitidos por v\u00eda telem\u00e1tica. Por lo tanto, se recomienda que compruebe que su dispositivo est\u00e1 equipado con sistemas de software adecuados para proteger la transmisi\u00f3n telem\u00e1tica de datos, tanto entrantes como salientes (como, por ejemplo, sistemas antivirus actualizados, cortafuegos y filtros antispam).<\/p><ol class=\"ol1\"><li class=\"li1\"><b>CAMBIOS EN LA NOTA INFORMATIVA<\/b><\/li><\/ol><p class=\"p1\">Si el Responsable del Tratamiento decide introducir cambios significativos en la presente pol\u00edtica de privacidad, dichos cambios se publicar\u00e1n en este Sitio para que los Usuarios puedan estar al corriente de c\u00f3mo se tratan sus datos personales.<\/p>\t\t\t\t\t\t\t\t<\/div>\n\t\t\t\t<\/div>\n\t\t\t\t\t<\/div>\n\t\t<\/div>\n\t\t\t\t\t<\/div>\n\t\t<\/section>\n\t\t\t\t<\/div>","protected":false},"excerpt":{"rendered":"<p>This information is provided in accordance with the provisions of Article 13 of the General Regulation on the Protection of Personal Data (EU Reg. 2016\/679 \u2013 GDPR). It contains all the information about the methods, purposes and times of processing of Users\u2019 personal data, as well as their rights and how they can be exercised&#8230;.<\/p>","protected":false},"author":2,"featured_media":0,"parent":0,"menu_order":0,"comment_status":"closed","ping_status":"closed","template":"","meta":{"_acf_changed":false,"footnotes":""},"class_list":["post-3","page","type-page","status-publish","hentry"],"acf":[],"yoast_head":"<!-- This site is optimized with the Yoast SEO plugin v24.1 - https:\/\/yoast.com\/wordpress\/plugins\/seo\/ -->\n<title>Privacy Policy - Qdivision<\/title>\n<meta name=\"robots\" content=\"index, follow, max-snippet:-1, max-image-preview:large, max-video-preview:-1\" \/>\n<link rel=\"canonical\" href=\"https:\/\/www.qdivision.ie\/es\/privacy-policy\/\" \/>\n<meta property=\"og:locale\" content=\"es_ES\" \/>\n<meta property=\"og:type\" content=\"article\" \/>\n<meta property=\"og:title\" content=\"Privacy Policy - Qdivision\" \/>\n<meta property=\"og:description\" content=\"This information is provided in accordance with the provisions of Article 13 of the General Regulation on the Protection of Personal Data (EU Reg. 2016\/679 \u2013 GDPR). It contains all the information about the methods, purposes and times of processing of Users\u2019 personal data, as well as their rights and how they can be exercised....\" \/>\n<meta property=\"og:url\" content=\"https:\/\/www.qdivision.ie\/es\/privacy-policy\/\" \/>\n<meta property=\"og:site_name\" content=\"Qdivision\" \/>\n<meta property=\"article:modified_time\" content=\"2024-12-17T08:47:34+00:00\" \/>\n<meta name=\"twitter:card\" content=\"summary_large_image\" \/>\n<meta name=\"twitter:label1\" content=\"Est. reading time\" \/>\n\t<meta name=\"twitter:data1\" content=\"8 minutos\" \/>\n<script type=\"application\/ld+json\" class=\"yoast-schema-graph\">{\"@context\":\"https:\/\/schema.org\",\"@graph\":[{\"@type\":\"WebPage\",\"@id\":\"https:\/\/www.qdivision.ie\/privacy-policy\/\",\"url\":\"https:\/\/www.qdivision.ie\/privacy-policy\/\",\"name\":\"Privacy Policy - Qdivision\",\"isPartOf\":{\"@id\":\"https:\/\/www.qdivision.ie\/#website\"},\"datePublished\":\"2023-04-28T19:02:44+00:00\",\"dateModified\":\"2024-12-17T08:47:34+00:00\",\"breadcrumb\":{\"@id\":\"https:\/\/www.qdivision.ie\/privacy-policy\/#breadcrumb\"},\"inLanguage\":\"es\",\"potentialAction\":[{\"@type\":\"ReadAction\",\"target\":[\"https:\/\/www.qdivision.ie\/privacy-policy\/\"]}]},{\"@type\":\"BreadcrumbList\",\"@id\":\"https:\/\/www.qdivision.ie\/privacy-policy\/#breadcrumb\",\"itemListElement\":[{\"@type\":\"ListItem\",\"position\":1,\"name\":\"Home\",\"item\":\"https:\/\/www.qdivision.ie\/\"},{\"@type\":\"ListItem\",\"position\":2,\"name\":\"Privacy Policy\"}]},{\"@type\":\"WebSite\",\"@id\":\"https:\/\/www.qdivision.ie\/#website\",\"url\":\"https:\/\/www.qdivision.ie\/\",\"name\":\"Qdivision\",\"description\":\"Leading Shopify Agency and Shopify Partner in EMEA\",\"publisher\":{\"@id\":\"https:\/\/www.qdivision.ie\/#organization\"},\"potentialAction\":[{\"@type\":\"SearchAction\",\"target\":{\"@type\":\"EntryPoint\",\"urlTemplate\":\"https:\/\/www.qdivision.ie\/?s={search_term_string}\"},\"query-input\":{\"@type\":\"PropertyValueSpecification\",\"valueRequired\":true,\"valueName\":\"search_term_string\"}}],\"inLanguage\":\"es\"},{\"@type\":\"Organization\",\"@id\":\"https:\/\/www.qdivision.ie\/#organization\",\"name\":\"Qdivision\",\"url\":\"https:\/\/www.qdivision.ie\/\",\"logo\":{\"@type\":\"ImageObject\",\"inLanguage\":\"es\",\"@id\":\"https:\/\/www.qdivision.ie\/#\/schema\/logo\/image\/\",\"url\":\"https:\/\/www.qdivision.ie\/wp-content\/uploads\/2023\/05\/logo_high_resolution1-1-1.png\",\"contentUrl\":\"https:\/\/www.qdivision.ie\/wp-content\/uploads\/2023\/05\/logo_high_resolution1-1-1.png\",\"width\":606,\"height\":1000,\"caption\":\"Qdivision\"},\"image\":{\"@id\":\"https:\/\/www.qdivision.ie\/#\/schema\/logo\/image\/\"}}]}<\/script>\n<!-- \/ Yoast SEO plugin. -->","yoast_head_json":{"title":"Privacy Policy - Qdivision","robots":{"index":"index","follow":"follow","max-snippet":"max-snippet:-1","max-image-preview":"max-image-preview:large","max-video-preview":"max-video-preview:-1"},"canonical":"https:\/\/www.qdivision.ie\/es\/privacy-policy\/","og_locale":"es_ES","og_type":"article","og_title":"Privacy Policy - Qdivision","og_description":"This information is provided in accordance with the provisions of Article 13 of the General Regulation on the Protection of Personal Data (EU Reg. 2016\/679 \u2013 GDPR). It contains all the information about the methods, purposes and times of processing of Users\u2019 personal data, as well as their rights and how they can be exercised....","og_url":"https:\/\/www.qdivision.ie\/es\/privacy-policy\/","og_site_name":"Qdivision","article_modified_time":"2024-12-17T08:47:34+00:00","twitter_card":"summary_large_image","twitter_misc":{"Est. reading time":"8 minutos"},"schema":{"@context":"https:\/\/schema.org","@graph":[{"@type":"WebPage","@id":"https:\/\/www.qdivision.ie\/privacy-policy\/","url":"https:\/\/www.qdivision.ie\/privacy-policy\/","name":"Privacy Policy - Qdivision","isPartOf":{"@id":"https:\/\/www.qdivision.ie\/#website"},"datePublished":"2023-04-28T19:02:44+00:00","dateModified":"2024-12-17T08:47:34+00:00","breadcrumb":{"@id":"https:\/\/www.qdivision.ie\/privacy-policy\/#breadcrumb"},"inLanguage":"es","potentialAction":[{"@type":"ReadAction","target":["https:\/\/www.qdivision.ie\/privacy-policy\/"]}]},{"@type":"BreadcrumbList","@id":"https:\/\/www.qdivision.ie\/privacy-policy\/#breadcrumb","itemListElement":[{"@type":"ListItem","position":1,"name":"Home","item":"https:\/\/www.qdivision.ie\/"},{"@type":"ListItem","position":2,"name":"Privacy Policy"}]},{"@type":"WebSite","@id":"https:\/\/www.qdivision.ie\/#website","url":"https:\/\/www.qdivision.ie\/","name":"Qdivision","description":"Leading Shopify Agency and Shopify Partner in EMEA","publisher":{"@id":"https:\/\/www.qdivision.ie\/#organization"},"potentialAction":[{"@type":"SearchAction","target":{"@type":"EntryPoint","urlTemplate":"https:\/\/www.qdivision.ie\/?s={search_term_string}"},"query-input":{"@type":"PropertyValueSpecification","valueRequired":true,"valueName":"search_term_string"}}],"inLanguage":"es"},{"@type":"Organization","@id":"https:\/\/www.qdivision.ie\/#organization","name":"Qdivision","url":"https:\/\/www.qdivision.ie\/","logo":{"@type":"ImageObject","inLanguage":"es","@id":"https:\/\/www.qdivision.ie\/#\/schema\/logo\/image\/","url":"https:\/\/www.qdivision.ie\/wp-content\/uploads\/2023\/05\/logo_high_resolution1-1-1.png","contentUrl":"https:\/\/www.qdivision.ie\/wp-content\/uploads\/2023\/05\/logo_high_resolution1-1-1.png","width":606,"height":1000,"caption":"Qdivision"},"image":{"@id":"https:\/\/www.qdivision.ie\/#\/schema\/logo\/image\/"}}]}},"_links":{"self":[{"href":"https:\/\/www.qdivision.ie\/es\/wp-json\/wp\/v2\/pages\/3","targetHints":{"allow":["GET"]}}],"collection":[{"href":"https:\/\/www.qdivision.ie\/es\/wp-json\/wp\/v2\/pages"}],"about":[{"href":"https:\/\/www.qdivision.ie\/es\/wp-json\/wp\/v2\/types\/page"}],"author":[{"embeddable":true,"href":"https:\/\/www.qdivision.ie\/es\/wp-json\/wp\/v2\/users\/2"}],"replies":[{"embeddable":true,"href":"https:\/\/www.qdivision.ie\/es\/wp-json\/wp\/v2\/comments?post=3"}],"version-history":[{"count":0,"href":"https:\/\/www.qdivision.ie\/es\/wp-json\/wp\/v2\/pages\/3\/revisions"}],"wp:attachment":[{"href":"https:\/\/www.qdivision.ie\/es\/wp-json\/wp\/v2\/media?parent=3"}],"curies":[{"name":"wp","href":"https:\/\/api.w.org\/{rel}","templated":true}]}}